{"id":825,"date":"2026-04-24T13:27:37","date_gmt":"2026-04-24T11:27:37","guid":{"rendered":"https:\/\/rsw.twojprogramista.pl\/?page_id=825"},"modified":"2026-04-24T13:28:58","modified_gmt":"2026-04-24T11:28:58","slug":"kodeks-etyki-studenta-i-slubowanie","status":"publish","type":"page","link":"https:\/\/rsw.twojprogramista.pl\/index.php\/kodeks-etyki-studenta-i-slubowanie\/","title":{"rendered":"Kodeks etyki studenta i \u015blubowanie"},"content":{"rendered":"\t\t<div data-elementor-type=\"wp-page\" data-elementor-id=\"825\" class=\"elementor elementor-825\" data-elementor-post-type=\"page\">\n\t\t\t\t<div class=\"elementor-element elementor-element-2191f183 e-flex e-con-boxed e-con e-parent\" data-id=\"2191f183\" data-element_type=\"container\" data-e-type=\"container\" data-settings=\"{&quot;background_background&quot;:&quot;classic&quot;}\">\n\t\t\t\t\t<div class=\"e-con-inner\">\n\t\t\t\t<div class=\"elementor-element elementor-element-bbe0a1c elementor-widget elementor-widget-heading\" data-id=\"bbe0a1c\" data-element_type=\"widget\" data-e-type=\"widget\" data-widget_type=\"heading.default\">\n\t\t\t\t\t<h2 class=\"elementor-heading-title elementor-size-default\">Kodeks etyki studenta i \u015blubowanie<\/h2>\t\t\t\t<\/div>\n\t\t\t\t\t<\/div>\n\t\t\t\t<\/div>\n\t\t<div class=\"elementor-element elementor-element-65dea95c e-flex e-con-boxed e-con e-parent\" data-id=\"65dea95c\" data-element_type=\"container\" data-e-type=\"container\">\n\t\t\t\t\t<div class=\"e-con-inner\">\n\t\t<div class=\"elementor-element elementor-element-20d279b1 e-con-full e-flex e-con e-child\" data-id=\"20d279b1\" data-element_type=\"container\" data-e-type=\"container\" data-settings=\"{&quot;background_background&quot;:&quot;classic&quot;}\">\n\t\t\t\t<div class=\"elementor-element elementor-element-4e04c56 elementor-widget elementor-widget-eael-breadcrumbs\" data-id=\"4e04c56\" data-element_type=\"widget\" data-e-type=\"widget\" data-widget_type=\"eael-breadcrumbs.default\">\n\t\t\t\t<div class=\"elementor-widget-container\">\n\t\t\t\t\t\t\t<div class=\"eael-breadcrumbs\">\n\t\t\t<div class=\"eael-breadcrumbs__content\"><a href=\"https:\/\/rsw.twojprogramista.pl\">Home<\/a> <span class=\"eael-breadcrumb-separator\">\/<\/span> <span class = \"eael-current\">Strona<\/span><\/div>\t\t<\/div>\n\t\t\t\t\t\t<\/div>\n\t\t\t\t<\/div>\n\t\t<div class=\"elementor-element elementor-element-2ca854ca e-con-full e-flex e-con e-child\" data-id=\"2ca854ca\" data-element_type=\"container\" data-e-type=\"container\">\n\t\t<div class=\"elementor-element elementor-element-3c35a017 e-con-full e-flex e-con e-child\" data-id=\"3c35a017\" data-element_type=\"container\" data-e-type=\"container\" data-settings=\"{&quot;background_background&quot;:&quot;classic&quot;}\">\n\t\t\t\t<div class=\"elementor-element elementor-element-4e23ac3 elementor-widget__width-inherit elementor-widget elementor-widget-text-editor\" data-id=\"4e23ac3\" data-element_type=\"widget\" data-e-type=\"widget\" data-widget_type=\"text-editor.default\">\n\t\t\t\t\t\t\t\t\t<p>Kodeks etyki studenta <br \/>Radomskiej Szko\u0142y Wy\u017cszej<\/p>\t\t\t\t\t\t\t\t<\/div>\n\t\t\t\t<div class=\"elementor-element elementor-element-70e186ab elementor-widget__width-inherit elementor-widget elementor-widget-button\" data-id=\"70e186ab\" data-element_type=\"widget\" data-e-type=\"widget\" data-widget_type=\"button.default\">\n\t\t\t\t\t\t\t\t\t\t<a class=\"elementor-button elementor-button-link elementor-size-sm\" href=\"#\">\n\t\t\t\t\t\t<span class=\"elementor-button-content-wrapper\">\n\t\t\t\t\t\t<span class=\"elementor-button-icon\">\n\t\t\t\t<svg aria-hidden=\"true\" class=\"e-font-icon-svg e-fas-arrow-right\" viewBox=\"0 0 448 512\" xmlns=\"http:\/\/www.w3.org\/2000\/svg\"><path d=\"M190.5 66.9l22.2-22.2c9.4-9.4 24.6-9.4 33.9 0L441 239c9.4 9.4 9.4 24.6 0 33.9L246.6 467.3c-9.4 9.4-24.6 9.4-33.9 0l-22.2-22.2c-9.5-9.5-9.3-25 .4-34.3L311.4 296H24c-13.3 0-24-10.7-24-24v-32c0-13.3 10.7-24 24-24h287.4L190.9 101.2c-9.8-9.3-10-24.8-.4-34.3z\"><\/path><\/svg>\t\t\t<\/span>\n\t\t\t\t\t\t\t\t\t<span class=\"elementor-button-text\">wi\u0119cej<\/span>\n\t\t\t\t\t<\/span>\n\t\t\t\t\t<\/a>\n\t\t\t\t\t\t\t\t<\/div>\n\t\t\t\t<\/div>\n\t\t<div class=\"elementor-element elementor-element-8cc7341 e-con-full e-flex e-con e-child\" data-id=\"8cc7341\" data-element_type=\"container\" data-e-type=\"container\" data-settings=\"{&quot;background_background&quot;:&quot;classic&quot;}\">\n\t\t\t\t<div class=\"elementor-element elementor-element-f0d6434 elementor-widget elementor-widget-text-editor\" data-id=\"f0d6434\" data-element_type=\"widget\" data-e-type=\"widget\" data-widget_type=\"text-editor.default\">\n\t\t\t\t\t\t\t\t\t<p>\u015alubowanie studenta Radomskiej Szko\u0142y Wy\u017cszej<\/p>\t\t\t\t\t\t\t\t<\/div>\n\t\t\t\t<div class=\"elementor-element elementor-element-1873a803 elementor-widget__width-inherit elementor-widget elementor-widget-button\" data-id=\"1873a803\" data-element_type=\"widget\" data-e-type=\"widget\" data-widget_type=\"button.default\">\n\t\t\t\t\t\t\t\t\t\t<a class=\"elementor-button elementor-button-link elementor-size-sm\" href=\"#\">\n\t\t\t\t\t\t<span class=\"elementor-button-content-wrapper\">\n\t\t\t\t\t\t<span class=\"elementor-button-icon\">\n\t\t\t\t<svg aria-hidden=\"true\" class=\"e-font-icon-svg e-fas-arrow-right\" viewBox=\"0 0 448 512\" xmlns=\"http:\/\/www.w3.org\/2000\/svg\"><path d=\"M190.5 66.9l22.2-22.2c9.4-9.4 24.6-9.4 33.9 0L441 239c9.4 9.4 9.4 24.6 0 33.9L246.6 467.3c-9.4 9.4-24.6 9.4-33.9 0l-22.2-22.2c-9.5-9.5-9.3-25 .4-34.3L311.4 296H24c-13.3 0-24-10.7-24-24v-32c0-13.3 10.7-24 24-24h287.4L190.9 101.2c-9.8-9.3-10-24.8-.4-34.3z\"><\/path><\/svg>\t\t\t<\/span>\n\t\t\t\t\t\t\t\t\t<span class=\"elementor-button-text\">wi\u0119cej<\/span>\n\t\t\t\t\t<\/span>\n\t\t\t\t\t<\/a>\n\t\t\t\t\t\t\t\t<\/div>\n\t\t\t\t<\/div>\n\t\t\t\t<\/div>\n\t\t\t\t<\/div>\n\t\t<div class=\"elementor-element elementor-element-446fd22f e-con-full e-flex e-con e-child\" data-id=\"446fd22f\" data-element_type=\"container\" data-e-type=\"container\" data-settings=\"{&quot;sticky&quot;:&quot;top&quot;,&quot;background_background&quot;:&quot;classic&quot;,&quot;sticky_parent&quot;:&quot;yes&quot;,&quot;sticky_on&quot;:[&quot;desktop&quot;,&quot;tablet&quot;,&quot;mobile&quot;],&quot;sticky_offset&quot;:0,&quot;sticky_effects_offset&quot;:0,&quot;sticky_anchor_link_offset&quot;:0}\">\n\t\t\t\t<div class=\"elementor-element elementor-element-5a1caca4 elementor-widget elementor-widget-heading\" data-id=\"5a1caca4\" data-element_type=\"widget\" data-e-type=\"widget\" data-widget_type=\"heading.default\">\n\t\t\t\t\t<h4 class=\"elementor-heading-title elementor-size-default\">Menu<\/h4>\t\t\t\t<\/div>\n\t\t\t\t<div class=\"elementor-element elementor-element-1c78d8e1 eael-simple-menu-hamburger-align-left eael-hamburger--tablet elementor-widget elementor-widget-eael-simple-menu\" data-id=\"1c78d8e1\" data-element_type=\"widget\" data-e-type=\"widget\" data-widget_type=\"eael-simple-menu.default\">\n\t\t\t\t\t<style>\n                        @media screen and (max-width: 1024px) {\n                            .eael-hamburger--tablet {\n                                .eael-simple-menu-horizontal,\n                                .eael-simple-menu-vertical {\n                                    display: none;\n                                }\n                            }\n                            .eael-hamburger--tablet {\n                                .eael-simple-menu-container .eael-simple-menu-toggle {\n                                    display: block;\n                                }\n                            }\n                        }\n                        .eael-simple-menu-container.eael-simple-menu--loading > ul {\n                            display: -webkit-box !important;\n                            display: -ms-flexbox !important;\n                            display: flex !important;\n                            list-style: none !important;\n                        }\n                        .eael-simple-menu-container.eael-simple-menu--loading li ul {\n                            visibility: hidden !important;\n                            opacity: 0 !important;\n                        }\n                    <\/style>            <div data-hamburger-icon=\"&lt;svg aria-hidden=&quot;true&quot; class=&quot;e-font-icon-svg e-fas-bars&quot; viewBox=&quot;0 0 448 512&quot; xmlns=&quot;http:\/\/www.w3.org\/2000\/svg&quot;&gt;&lt;path d=&quot;M16 132h416c8.837 0 16-7.163 16-16V76c0-8.837-7.163-16-16-16H16C7.163 60 0 67.163 0 76v40c0 8.837 7.163 16 16 16zm0 160h416c8.837 0 16-7.163 16-16v-40c0-8.837-7.163-16-16-16H16c-8.837 0-16 7.163-16 16v40c0 8.837 7.163 16 16 16zm0 160h416c8.837 0 16-7.163 16-16v-40c0-8.837-7.163-16-16-16H16c-8.837 0-16 7.163-16 16v40c0 8.837 7.163 16 16 16z&quot;&gt;&lt;\/path&gt;&lt;\/svg&gt;\" data-indicator-icon=\"&lt;svg aria-hidden=&quot;true&quot; class=&quot;e-font-icon-svg e-fas-plus&quot; viewBox=&quot;0 0 448 512&quot; xmlns=&quot;http:\/\/www.w3.org\/2000\/svg&quot;&gt;&lt;path d=&quot;M416 208H272V64c0-17.67-14.33-32-32-32h-32c-17.67 0-32 14.33-32 32v144H32c-17.67 0-32 14.33-32 32v32c0 17.67 14.33 32 32 32h144v144c0 17.67 14.33 32 32 32h32c17.67 0 32-14.33 32-32V304h144c17.67 0 32-14.33 32-32v-32c0-17.67-14.33-32-32-32z&quot;&gt;&lt;\/path&gt;&lt;\/svg&gt;\" data-dropdown-indicator-icon=\"&lt;svg class=&quot;e-font-icon-svg e-far-window-minimize&quot; viewBox=&quot;0 0 512 512&quot; xmlns=&quot;http:\/\/www.w3.org\/2000\/svg&quot;&gt;&lt;path d=&quot;M480 480H32c-17.7 0-32-14.3-32-32s14.3-32 32-32h448c17.7 0 32 14.3 32 32s-14.3 32-32 32z&quot;&gt;&lt;\/path&gt;&lt;\/svg&gt;\" class=\"eael-simple-menu-container eael-simple-menu--loading eael-simple-menu-align-left eael-simple-menu-dropdown-align-left preset-1\" data-hamburger-breakpoints=\"{&quot;mobile&quot;:&quot;Mobilny pionowy (&gt; 767px)&quot;,&quot;tablet&quot;:&quot;Pionowy tablet (&gt; 1024px)&quot;,&quot;desktop&quot;:&quot;Desktop (&gt; 2400px)&quot;,&quot;none&quot;:&quot;None&quot;}\" data-hamburger-device=\"tablet\">\n                <ul id=\"menu-student\" class=\"eael-simple-menu eael-simple-menu-dropdown-animate-to-top eael-simple-menu-indicator eael-simple-menu-vertical\"><li id=\"menu-item-800\" class=\"menu-item menu-item-type-post_type menu-item-object-page menu-item-800\"><a href=\"https:\/\/rsw.twojprogramista.pl\/index.php\/ogloszenia\/\">Og\u0142oszenia<\/a><\/li>\n<li id=\"menu-item-722\" class=\"menu-item menu-item-type-custom menu-item-object-custom menu-item-722\"><a href=\"#\">Organizacja roku akademickiego<\/a><\/li>\n<li id=\"menu-item-723\" class=\"menu-item menu-item-type-custom menu-item-object-custom menu-item-723\"><a href=\"#\">Regulaminy<\/a><\/li>\n<li id=\"menu-item-724\" class=\"menu-item menu-item-type-custom menu-item-object-custom menu-item-724\"><a href=\"#\">Kszta\u0142cenie praktyczne<\/a><\/li>\n<li id=\"menu-item-725\" class=\"menu-item menu-item-type-custom menu-item-object-custom menu-item-725\"><a href=\"#\">Dyplomowanie<\/a><\/li>\n<li id=\"menu-item-726\" class=\"menu-item menu-item-type-custom menu-item-object-custom menu-item-726\"><a href=\"#\">Komisja ds. etyki<\/a><\/li>\n<li id=\"menu-item-727\" class=\"menu-item menu-item-type-post_type menu-item-object-page menu-item-727\"><a href=\"https:\/\/rsw.twojprogramista.pl\/index.php\/biblioteka\/\">Biblioteka<\/a><\/li>\n<li id=\"menu-item-728\" class=\"menu-item menu-item-type-custom menu-item-object-custom menu-item-728\"><a href=\"#\">Dzia\u0142alno\u015b\u0107 studencka<\/a><\/li>\n<li id=\"menu-item-833\" class=\"menu-item menu-item-type-post_type menu-item-object-page menu-item-has-children menu-item-833\"><a href=\"https:\/\/rsw.twojprogramista.pl\/index.php\/kodeks-etyki-studenta-i-slubowanie\/\">Kodeks etyki studenta i \u015blubowanie<\/a>\n<ul class=\"sub-menu\">\n\t<li id=\"menu-item-834\" class=\"menu-item menu-item-type-custom menu-item-object-custom menu-item-834\"><a href=\"#\">Kodeks etyki studenta Radomskiej Szko\u0142y Wy\u017cszej<\/a><\/li>\n\t<li id=\"menu-item-835\" class=\"menu-item menu-item-type-custom menu-item-object-custom menu-item-835\"><a href=\"#\">\u015alubowanie studenta Radomskiej Szko\u0142y Wy\u017cszej<\/a><\/li>\n<\/ul>\n<\/li>\n<li id=\"menu-item-729\" class=\"menu-item menu-item-type-custom menu-item-object-custom menu-item-729\"><a href=\"#\">Stypendia, zapomogi, ubezpieczenia<\/a><\/li>\n<li id=\"menu-item-730\" class=\"menu-item menu-item-type-custom menu-item-object-custom menu-item-730\"><a href=\"#\">Legitymacja studencka<\/a><\/li>\n<li id=\"menu-item-731\" class=\"menu-item menu-item-type-custom menu-item-object-custom menu-item-731\"><a href=\"#\">WIRTUALNY DZIEKANAT<\/a><\/li>\n<li id=\"menu-item-732\" class=\"menu-item menu-item-type-custom menu-item-object-custom menu-item-732\"><a href=\"#\">Kursy i szkolenia<\/a><\/li>\n<li id=\"menu-item-733\" class=\"menu-item menu-item-type-custom menu-item-object-custom menu-item-733\"><a href=\"#\">Studenci z niepe\u0142nosprawno\u015bciami<\/a><\/li>\n<li id=\"menu-item-734\" class=\"menu-item menu-item-type-custom menu-item-object-custom menu-item-734\"><a href=\"#\">Pliki do pobrania<\/a><\/li>\n<li id=\"menu-item-735\" class=\"menu-item menu-item-type-custom menu-item-object-custom menu-item-735\"><a href=\"#\">Wyk\u0142ady monograficzne<\/a><\/li>\n<li id=\"menu-item-736\" class=\"menu-item menu-item-type-custom menu-item-object-custom menu-item-736\"><a href=\"#\">Kwestura<\/a><\/li>\n<\/ul>                <button class=\"eael-simple-menu-toggle\">\n                    <span class=\"sr-only \">Hamburger Toggle Menu<\/span>\n                    <svg aria-hidden=\"true\" class=\"e-font-icon-svg e-fas-bars\" viewBox=\"0 0 448 512\" xmlns=\"http:\/\/www.w3.org\/2000\/svg\"><path d=\"M16 132h416c8.837 0 16-7.163 16-16V76c0-8.837-7.163-16-16-16H16C7.163 60 0 67.163 0 76v40c0 8.837 7.163 16 16 16zm0 160h416c8.837 0 16-7.163 16-16v-40c0-8.837-7.163-16-16-16H16c-8.837 0-16 7.163-16 16v40c0 8.837 7.163 16 16 16zm0 160h416c8.837 0 16-7.163 16-16v-40c0-8.837-7.163-16-16-16H16c-8.837 0-16 7.163-16 16v40c0 8.837 7.163 16 16 16z\"><\/path><\/svg>                <\/button>\n            <\/div>\n            \t\t\t\t<\/div>\n\t\t\t\t<\/div>\n\t\t\t\t\t<\/div>\n\t\t\t\t<\/div>\n\t\t\t\t<\/div>\n\t\t","protected":false},"excerpt":{"rendered":"<p>Kodeks etyki studenta i \u015blubowanie Home \/ Strona Kodeks etyki studenta Radomskiej Szko\u0142y Wy\u017cszej wi\u0119cej \u015alubowanie studenta Radomskiej Szko\u0142y Wy\u017cszej wi\u0119cej Menu Og\u0142oszenia Organizacja roku akademickiego Regulaminy Kszta\u0142cenie praktyczne Dyplomowanie Komisja ds. etyki Biblioteka Dzia\u0142alno\u015b\u0107 studencka Stypendia, zapomogi, ubezpieczenia Legitymacja studencka WIRTUALNY DZIEKANAT Kursy i szkolenia Studenci z niepe\u0142nosprawno\u015bciami Pliki do pobrania Wyk\u0142ady monograficzne Kwestura [&hellip;]<\/p>\n","protected":false},"author":2,"featured_media":0,"parent":0,"menu_order":0,"comment_status":"closed","ping_status":"closed","template":"elementor_header_footer","meta":{"footnotes":""},"class_list":["post-825","page","type-page","status-publish","hentry"],"_links":{"self":[{"href":"https:\/\/rsw.twojprogramista.pl\/index.php\/wp-json\/wp\/v2\/pages\/825","targetHints":{"allow":["GET"]}}],"collection":[{"href":"https:\/\/rsw.twojprogramista.pl\/index.php\/wp-json\/wp\/v2\/pages"}],"about":[{"href":"https:\/\/rsw.twojprogramista.pl\/index.php\/wp-json\/wp\/v2\/types\/page"}],"author":[{"embeddable":true,"href":"https:\/\/rsw.twojprogramista.pl\/index.php\/wp-json\/wp\/v2\/users\/2"}],"replies":[{"embeddable":true,"href":"https:\/\/rsw.twojprogramista.pl\/index.php\/wp-json\/wp\/v2\/comments?post=825"}],"version-history":[{"count":7,"href":"https:\/\/rsw.twojprogramista.pl\/index.php\/wp-json\/wp\/v2\/pages\/825\/revisions"}],"predecessor-version":[{"id":832,"href":"https:\/\/rsw.twojprogramista.pl\/index.php\/wp-json\/wp\/v2\/pages\/825\/revisions\/832"}],"wp:attachment":[{"href":"https:\/\/rsw.twojprogramista.pl\/index.php\/wp-json\/wp\/v2\/media?parent=825"}],"curies":[{"name":"wp","href":"https:\/\/api.w.org\/{rel}","templated":true}]}}